{"id":4617,"date":"2025-06-02T11:50:27","date_gmt":"2025-06-02T11:50:27","guid":{"rendered":"https:\/\/belsangrowers.com\/?page_id=4617"},"modified":"2025-06-06T15:42:55","modified_gmt":"2025-06-06T15:42:55","slug":"compra","status":"publish","type":"page","link":"https:\/\/belsangrowers.com\/es\/compra\/","title":{"rendered":"compra"},"content":{"rendered":"<div class=\"wpb-content-wrapper\"><p>[vc_row full_width=\u00bbstretch_row_content_no_spaces\u00bb css=\u00bb.vc_custom_1749135092760{margin-bottom: 0px !important;padding-bottom: 0px !important;background-color: #18500c !important;}\u00bb][vc_column][vc_row_inner css=\u00bb.vc_custom_1749135085894{margin-top: 0px !important;margin-bottom: 0px !important;padding-top: 240px !important;padding-bottom: 0px !important;}\u00bb][vc_column_inner width=\u00bb1\/6&#8243;][\/vc_column_inner][vc_column_inner width=\u00bb2\/3&#8243; css=\u00bb.vc_custom_1749134771388{margin-bottom: 0px !important;padding-right: 5% !important;padding-bottom: 0px !important;padding-left: 5% !important;}\u00bb][vc_single_image image=\u00bb4744&#8243; img_size=\u00bbmedium\u00bb alignment=\u00bbcenter\u00bb css=\u00bb\u00bb]\n\t<div class=\"title-subtitle-box  vc_custom_1749218216680\" style=\" text-align: center;\">\n\t\t<h5 style=\" color:#dbbd16;  font-style: normal;\" class=\"special-title\" >\n\t\t<span style=\" color:#dbbd16; \">INTENSE CITRUS FLAVOR AND DESIGN IN ONE OBJECT<\/span>Li Lemon Slides by Belsan Growers<\/h5>\n\t<\/div> [\/vc_column_inner][vc_column_inner width=\u00bb1\/6&#8243;][\/vc_column_inner][\/vc_row_inner][\/vc_column][\/vc_row][vc_row full_width=\u00bbstretch_row\u00bb css=\u00bb.vc_custom_1749133919484{margin-top: 0px !important;margin-bottom: 0px !important;padding-top: 0px !important;padding-bottom: 0px !important;background-color: #18500c !important;}\u00bb][vc_column][vc_row_inner css=\u00bb.vc_custom_1749134082747{margin-top: 0px !important;padding-top: 0px !important;padding-bottom: 6em !important;background-color: #dbbd16 !important;}\u00bb][vc_column_inner width=\u00bb1\/6&#8243;][\/vc_column_inner][vc_column_inner width=\u00bb2\/3&#8243;]\n\t<div class=\"title-subtitle-box  vc_custom_1749224572931\" style=\" text-align: center;\">\n\t\t<h5 style=\" color:#18500c;  font-style: normal;\" class=\"special-title\" >PAGAR<\/h5>\n\t<\/div> [vc_column_text css=\u00bb\u00bb]<div class=\"boton-pago-redsys redsys-confirma-abandono\"><form action=\"https:\/\/sis.redsys.es\/sis\/realizarPago\" method=\"post\" id=\"form_pago_redsys-1126\"><input type=\"hidden\" name=\"url-boton-redsys\" id=\"url-boton-redsys-1126\" value=\"https:\/\/sis.redsys.es\/sis\/realizarPago\" \/><input type=\"hidden\" name=\"Ds_SignatureVersion\" value=\"HMAC_SHA256_V1\" \/><input type=\"hidden\" name=\"Ds_MerchantParameters\" id=\"Ds_MerchantParameters-1126\" \/><input type=\"hidden\" name=\"Ds_Signature\" id=\"Ds_Signature-1126\" \/><input type=\"hidden\" name=\"Ds_Order\" id=\"Ds_Order-1126\" value=\"000068001\" \/><input type=\"hidden\" name=\"Ds_MerchantPaymethods\" id=\"Ds_MerchantPaymethods-1126\" value=\"C\" \/><input type=\"hidden\" name=\"Ds_Merchant_ConsumerLanguage\" id=\"Ds_Merchant_ConsumerLanguage-1126\" value=\"1\" \/><input type=\"hidden\" name=\"http_accept\" id=\"http_accept-1126\" value=\"*\/*\" \/><input type=\"number\" step=\"1.000000\" placeholder=\"Cantidad\" required=\"required\" class=\"cantidad-redsys\" id=\"cantidad_redsys-1126\" required=\"required\" min=\"0\" onfocus=\"this.style.borderColor='#ccc';\" \/> <span class=\"simbolo-moneda\">&euro;<\/span><input type=\"hidden\" name=\"texto-boton-redsys\" id=\"texto-boton-redsys-1126\" value=\"PAGAR\" \/><input type=\"button\" value=\"PAGAR\" class=\"boton-redsys\" id=\"boton_redsys-1126\" style=\"background-color:#18500c;color:#fff\" onclick=\"procesaPago(1126);\" \/><br><textarea rows=\"3\" placeholder=\"Concepto Concept\" name=\"concepto\" maxlength=\"125\" required=\"required\" class=\"concepto-redsys\" id=\"area_concepto_redsys-1126\" onfocus=\"this.style.borderColor='#ccc';\"><\/textarea><p class=\"boton-redsys-rgpd\"><input type=\"checkbox\" name=\"boton_redsys_rgpd\" id=\"rgpd_redsys-1126\" aria-required=\"true\" required><span class=\"boton_redsys_rgpd_texto\"> Acepto la <a title=\"pol\u00edtica de privacidad\" href=\"https:\/\/belsangrowers.com\/privacy-policy-and-legal-notice\/\" target=\"_blank\" rel=\"noopener\">pol\u00edtica de privacidad<\/a>\u00a0 | I accept the <a href=\"https:\/\/belsangrowers.com\/privacy-policy-and-legal-notice\/\" target=\"_blank\" rel=\"noopener\">privacy policy<\/a><div class=\"boton-redsys-texto-rgpd\"><p>Los datos que proporciones mediante este formulario ser\u00e1n tratados por <b>CITRUS GEA BELMONTE SL<\/b>, como responsable de esta web. La finalidad de la recogida de estos datos se realiza solamente para responder a tu consulta. Puedes ejercer tus derechos de acceso, rectificaci\u00f3n, limitaci\u00f3n y supresi\u00f3n enviando un correo electr\u00f3nico a <a href=\"mailto:hello@belsansl.com\">hello@belsansl.com<\/a>. Puedes consultar la informaci\u00f3n completa y detallada sobre privacidad en la <a title=\"pol\u00edtica de privacidad\" href=\"https:\/\/belsangrowers.com\/privacy-policy-and-legal-notice\/\" target=\"_blank\" rel=\"noopener\">pol\u00edtica de privacidad<\/a>.<\/p>\r\n<p>The data you provide through this form will be processed by CITRUS GEA BELMONTE SL, as the entity responsible for this website. This data is collected solely to respond to your inquiry. You can exercise your rights of access, rectification, restriction of processing, and deletion by sending an email to <a href=\"mailto:hello@belsansl.com\" target=\"_blank\" rel=\"noopener\">hello@belsansl.com<\/a>. You can consult the complete and detailed privacy information in the <a href=\"https:\/\/belsangrowers.com\/privacy-policy-and-legal-notice\/\" target=\"_blank\" rel=\"noopener\">privacy policy<\/a>.<\/p><\/div><\/form><\/div>[\/vc_column_text][\/vc_column_inner][vc_column_inner width=\u00bb1\/6&#8243;][\/vc_column_inner][\/vc_row_inner][\/vc_column][\/vc_row][vc_row full_width=\u00bbstretch_row_content_no_spaces\u00bb css=\u00bb.vc_custom_1749132358162{padding-top: 20px !important;padding-bottom: 10px !important;background-color: #18500c !important;}\u00bb][vc_column][\/vc_column][\/vc_row]<\/p>\n<\/div>","protected":false},"excerpt":{"rendered":"<p>[vc_row full_width=\u00bbstretch_row_content_no_spaces\u00bb css=\u00bb.vc_custom_1749135092760{margin-bottom: 0px !important;padding-bottom: 0px !important;background-color: #18500c !important;}\u00bb][vc_column][vc_row_inner css=\u00bb.vc_custom_1749135085894{margin-top: 0px !important;margin-bottom: 0px !important;padding-top: 240px !important;padding-bottom: 0px !important;}\u00bb][vc_column_inner width=\u00bb1\/6&#8243;][\/vc_column_inner][vc_column_inner width=\u00bb2\/3&#8243; css=\u00bb.vc_custom_1749134771388{margin-bottom: 0px !important;padding-right: 5% !important;padding-bottom: 0px !important;padding-left: 5% !important;}\u00bb][vc_single_image image=\u00bb4744&#8243; img_size=\u00bbmedium\u00bb alignment=\u00bbcenter\u00bb css=\u00bb\u00bb][\/vc_column_inner][vc_column_inner width=\u00bb1\/6&#8243;][\/vc_column_inner][\/vc_row_inner][\/vc_column][\/vc_row][vc_row full_width=\u00bbstretch_row\u00bb css=\u00bb.vc_custom_1749133919484{margin-top: 0px !important;margin-bottom: 0px !important;padding-top: 0px !important;padding-bottom: 0px !important;background-color: #18500c !important;}\u00bb][vc_column][vc_row_inner css=\u00bb.vc_custom_1749134082747{margin-top: 0px !important;padding-top: 0px !important;padding-bottom: 6em !important;background-color: #dbbd16 !important;}\u00bb][vc_column_inner<\/p>\n<p class=\"more-link-wrapper\"><a class=\"btn btn-primary\" href=\"https:\/\/belsangrowers.com\/es\/compra\/\">Read More<\/a><\/p>\n","protected":false},"author":1,"featured_media":4639,"parent":0,"menu_order":0,"comment_status":"closed","ping_status":"closed","template":"","meta":{"inline_featured_image":false,"footnotes":""},"acf":[],"_links":{"self":[{"href":"https:\/\/belsangrowers.com\/es\/wp-json\/wp\/v2\/pages\/4617"}],"collection":[{"href":"https:\/\/belsangrowers.com\/es\/wp-json\/wp\/v2\/pages"}],"about":[{"href":"https:\/\/belsangrowers.com\/es\/wp-json\/wp\/v2\/types\/page"}],"author":[{"embeddable":true,"href":"https:\/\/belsangrowers.com\/es\/wp-json\/wp\/v2\/users\/1"}],"replies":[{"embeddable":true,"href":"https:\/\/belsangrowers.com\/es\/wp-json\/wp\/v2\/comments?post=4617"}],"version-history":[{"count":19,"href":"https:\/\/belsangrowers.com\/es\/wp-json\/wp\/v2\/pages\/4617\/revisions"}],"predecessor-version":[{"id":4802,"href":"https:\/\/belsangrowers.com\/es\/wp-json\/wp\/v2\/pages\/4617\/revisions\/4802"}],"wp:featuredmedia":[{"embeddable":true,"href":"https:\/\/belsangrowers.com\/es\/wp-json\/wp\/v2\/media\/4639"}],"wp:attachment":[{"href":"https:\/\/belsangrowers.com\/es\/wp-json\/wp\/v2\/media?parent=4617"}],"curies":[{"name":"wp","href":"https:\/\/api.w.org\/{rel}","templated":true}]}}