{"id":4494,"date":"2024-01-15T19:22:10","date_gmt":"2024-01-15T19:22:10","guid":{"rendered":"https:\/\/belsangrowers.com\/environment\/"},"modified":"2024-07-20T06:12:36","modified_gmt":"2024-07-20T06:12:36","slug":"medioambiente","status":"publish","type":"page","link":"https:\/\/belsangrowers.com\/es\/medioambiente\/","title":{"rendered":"Medioambiente"},"content":{"rendered":"<div class=\"wpb-content-wrapper\"><p>[vc_row equal_height=\u00bbyes\u00bb css=\u00bb.vc_custom_1556998391835{padding-top: 7em !important;padding-bottom: 7em !important;}\u00bb][vc_column width=\u00bb1\/2&#8243; css=\u00bb.vc_custom_1556998344355{padding: 0px !important;}\u00bb][vc_single_image image=\u00bb4251&#8243; img_size=\u00bbfull\u00bb css=\u00bb.vc_custom_1706706572582{margin-bottom: 0px !important;}\u00bb el_class=\u00bbvs-div\u00bb][\/vc_column][vc_column width=\u00bb1\/2&#8243; css=\u00bb.vc_custom_1556998400528{padding: 15% !important;background-color: #ffffff !important;}\u00bb]\n\t<div class=\"title-subtitle-box  \" style=\" text-align: left;\">\n\t\t<h1 style=\" color:#09124b;  font-style: normal;\" class=\"special-title\" >\n\t\t<span style=\" color:#09124b; \">SOMOS<\/span>MEDIOAMBIENTE<\/h1>\n\t\t<span class=\"gg-horizontal-line\"  ><\/span>\n\t\t<div class=\"box-description\"><p>En Belsan tenemos el medio ambiente como prioridad, estamos muy comprometidos con el ahorro de agua y el uso eficiente de la energ\u00eda.<\/p>\n<p>Para reducir nuestro impacto en el medio ambiente, hemos implementado paneles de energ\u00eda solar lo que conlleva una reducci\u00f3n en el uso de otras fuentes de energ\u00eda que tienen un efecto nocivo sobre el medio ambiente.<\/p>\n<p>Adem\u00e1s, nuestra maquinaria est\u00e1 dise\u00f1ada para utilizar eficientemente las cantidades de agua y energ\u00eda necesarias para el funcionamiento de nuestro negocio.<\/p>\n<\/div>\n\t<\/div> [vc_column_text css=\u00bb.vc_custom_1721455948178{margin-top: 30px !important;}\u00bb]<span style=\"color: #09124b;\">Belsan siempre ha sido sin\u00f3nimo de <strong>Calidad<\/strong>.<\/span>[\/vc_column_text][vc_row_inner content_placement=\u00bbmiddle\u00bb][vc_column_inner width=\u00bb1\/4&#8243;][vc_single_image image=\u00bb4231&#8243; img_size=\u00bb86&#215;40&#8243; alignment=\u00bbcenter\u00bb][\/vc_column_inner][vc_column_inner width=\u00bb1\/4&#8243;][vc_single_image image=\u00bb4230&#8243; img_size=\u00bb26&#215;40&#8243; alignment=\u00bbcenter\u00bb][\/vc_column_inner][vc_column_inner width=\u00bb1\/4&#8243;][vc_single_image image=\u00bb4229&#8243; img_size=\u00bb68&#215;40&#8243; alignment=\u00bbcenter\u00bb][\/vc_column_inner][vc_column_inner width=\u00bb1\/4&#8243;][vc_single_image image=\u00bb4228&#8243; img_size=\u00bb33&#215;40&#8243; alignment=\u00bbcenter\u00bb][\/vc_column_inner][\/vc_row_inner][\/vc_column][\/vc_row]<\/p>\n<\/div>","protected":false},"excerpt":{"rendered":"<p>[vc_row equal_height=\u00bbyes\u00bb css=\u00bb.vc_custom_1556998391835{padding-top: 7em !important;padding-bottom: 7em !important;}\u00bb][vc_column width=\u00bb1\/2&#8243; css=\u00bb.vc_custom_1556998344355{padding: 0px !important;}\u00bb][vc_single_image image=\u00bb4251&#8243; img_size=\u00bbfull\u00bb css=\u00bb.vc_custom_1706706572582{margin-bottom: 0px !important;}\u00bb el_class=\u00bbvs-div\u00bb][\/vc_column][vc_column width=\u00bb1\/2&#8243; css=\u00bb.vc_custom_1556998400528{padding: 15% !important;background-color: #ffffff !important;}\u00bb][vc_column_text css=\u00bb.vc_custom_1721455948178{margin-top: 30px !important;}\u00bb]Belsan siempre ha sido sin\u00f3nimo de Calidad.[\/vc_column_text][vc_row_inner content_placement=\u00bbmiddle\u00bb][vc_column_inner width=\u00bb1\/4&#8243;][vc_single_image image=\u00bb4231&#8243; img_size=\u00bb86&#215;40&#8243; alignment=\u00bbcenter\u00bb][\/vc_column_inner][vc_column_inner width=\u00bb1\/4&#8243;][vc_single_image image=\u00bb4230&#8243; img_size=\u00bb26&#215;40&#8243; alignment=\u00bbcenter\u00bb][\/vc_column_inner][vc_column_inner width=\u00bb1\/4&#8243;][vc_single_image image=\u00bb4229&#8243; img_size=\u00bb68&#215;40&#8243; alignment=\u00bbcenter\u00bb][\/vc_column_inner][vc_column_inner width=\u00bb1\/4&#8243;][vc_single_image image=\u00bb4228&#8243; img_size=\u00bb33&#215;40&#8243; alignment=\u00bbcenter\u00bb][\/vc_column_inner][\/vc_row_inner][\/vc_column][\/vc_row]<\/p>\n","protected":false},"author":1,"featured_media":4422,"parent":0,"menu_order":0,"comment_status":"closed","ping_status":"closed","template":"","meta":{"inline_featured_image":false,"footnotes":""},"acf":[],"_links":{"self":[{"href":"https:\/\/belsangrowers.com\/es\/wp-json\/wp\/v2\/pages\/4494"}],"collection":[{"href":"https:\/\/belsangrowers.com\/es\/wp-json\/wp\/v2\/pages"}],"about":[{"href":"https:\/\/belsangrowers.com\/es\/wp-json\/wp\/v2\/types\/page"}],"author":[{"embeddable":true,"href":"https:\/\/belsangrowers.com\/es\/wp-json\/wp\/v2\/users\/1"}],"replies":[{"embeddable":true,"href":"https:\/\/belsangrowers.com\/es\/wp-json\/wp\/v2\/comments?post=4494"}],"version-history":[{"count":2,"href":"https:\/\/belsangrowers.com\/es\/wp-json\/wp\/v2\/pages\/4494\/revisions"}],"predecessor-version":[{"id":4500,"href":"https:\/\/belsangrowers.com\/es\/wp-json\/wp\/v2\/pages\/4494\/revisions\/4500"}],"wp:featuredmedia":[{"embeddable":true,"href":"https:\/\/belsangrowers.com\/es\/wp-json\/wp\/v2\/media\/4422"}],"wp:attachment":[{"href":"https:\/\/belsangrowers.com\/es\/wp-json\/wp\/v2\/media?parent=4494"}],"curies":[{"name":"wp","href":"https:\/\/api.w.org\/{rel}","templated":true}]}}