{"id":4456,"date":"2023-12-21T11:39:10","date_gmt":"2023-12-21T11:39:10","guid":{"rendered":"https:\/\/belsangrowers.com\/privacy-policy-and-legal-notice\/"},"modified":"2024-07-20T01:29:38","modified_gmt":"2024-07-20T01:29:38","slug":"politica-de-privacidad-y-aviso-legal","status":"publish","type":"page","link":"https:\/\/belsangrowers.com\/es\/politica-de-privacidad-y-aviso-legal\/","title":{"rendered":"Pol\u00edtica de Privacidad y Aviso Legal"},"content":{"rendered":"<h2 class=\"wp-block-heading\">Pol\u00edtica de Privacidad y Aviso Legal<\/h2>\n<p>La visita a este sitio web\u00a0\u00a0\u00a0<a href=\"https:\/\/www.belsansl.com\/\" target=\"_blank\" rel=\"noopener\">https:\/\/www.belsansl.com\/<\/a>\u00a0\u00a0\u00a0no implica que el usuario est\u00e9 obligado a facilitar ninguna informaci\u00f3n.<br \/>En el caso de que el usuario facilite alguna informaci\u00f3n de car\u00e1cter personal, los datos recogidos en este sitio web ser\u00e1n tratados de forma leal y l\u00edcita con sujeci\u00f3n en todo momento a los principios y derechos recogidos en el Reglamento (UE) 2016\/679, de 27 de abril, General de Protecci\u00f3n de Datos (RGPD) y dem\u00e1s normativa aplicable.<\/p>\n<p>En cumplimiento de lo establecido en el art\u00edculo 13 del RGPD, le informamos de lo siguiente:<\/p>\n<h3>\u00bfQu\u00e9 hacemos con tus datos?<\/h3>\n<p>Los datos personales introducidos por el usuario se utilizan \u00fanicamente a efectos de comunicaci\u00f3n con el cliente, ya sea mediante el env\u00edo de newsletters peri\u00f3dicas o comunicaciones comerciales. Estos datos nos servir\u00e1n para ponernos en contacto con usted en caso de que tenga alguna incidencia o para responderle en caso de que no haya enviado una consulta a trav\u00e9s del apartado habilitado a tal efecto. En cualquier momento puede solicitar que eliminemos o modifiquemos la informaci\u00f3n que nos ha facilitado, para ello tan solo tiene que enviar un correo electr\u00f3nico a la direcci\u00f3n\u00a0\u00a0\u00a0<a href=\"mailto:info@belsansl.com\" target=\"_blank\" rel=\"noopener\">info@belsansl.com<\/a><\/p>\n<h3>Base legal y responsabilidades<\/h3>\n<p>Belmonte Sanchez Belsan SL, en adelante\u00a0\u00a0\u00a0<strong>Belsan<\/strong>\u00a0\u00a0, tiene su domicilio en Vereda Silvestres, 1 30139 El Raal (Murcia) con CIF B30219927.<\/p>\n<p>Por tanto, las presentes condiciones generales se rigen por la legislaci\u00f3n espa\u00f1ola. Para cualquier controversia que pudiera surgir relacionada con el sitio web o la actividad que en \u00e9l se desarrolla ser\u00e1n competentes los Juzgados de Murcia, renunciando expresamente el usuario a cualquier otro fuero que pudiera corresponderle.<\/p>\n<p>Este sitio web no asume ninguna responsabilidad por cualquier da\u00f1o que pueda sufrir la propiedad del Usuario (incluido el ordenador), ni por cualquier p\u00e9rdida o aver\u00eda que sea consecuencia de la descarga o uso del material presente. Se incluye la hip\u00f3tesis de transmisi\u00f3n de virus inform\u00e1ticos. Tampoco nos hacemos responsables del contenido generado por nuestros usuarios, que ser\u00e1 responsabilidad exclusiva del usuario que lo publique.<\/p>\n<p>En ning\u00fan caso la existencia de enlaces a sitios externos implica la existencia de acuerdos con los responsables o titulares de los mismos.<\/p>\n<h3>Propiedad intelectual e industrial<\/h3>\n<p>Los derechos de propiedad intelectual e industrial sobre marcas, logotipos y cualquier otro elemento susceptible de protecci\u00f3n son propiedad de sus leg\u00edtimos propietarios.<\/p>\n<h3>Modificaci\u00f3n de las Condiciones<\/h3>\n<p>Este sitio web se reserva el derecho de revisar y modificar en cualquier momento las presentes Condiciones Generales, las cuales deber\u00e1n ser aceptadas por los usuarios una vez realizadas las modificaciones.<\/p>\n<h3>Aviso de cookies<\/h3>\n<p>Esta web utiliza cookies para mejorar la experiencia del usuario. Estas cookies pueden ser generadas por la propia web o por terceros como Google, Facebook u otras empresas que nos ayudan a hacer tu experiencia m\u00e1s completa. El usuario tiene la posibilidad de configurar su navegador para ser avisado de la recepci\u00f3n de cookies y para impedir su instalaci\u00f3n en su equipo. Por favor, consulte las instrucciones y manuales de su navegador para ampliar esta informaci\u00f3n.<\/p>\n<p>En todo caso las cookies tienen un car\u00e1cter temporal con la \u00fanica finalidad de hacer m\u00e1s eficaz su transmisi\u00f3n ulterior. En ning\u00fan caso se utilizar\u00e1n las cookies para recoger informaci\u00f3n de car\u00e1cter personal.<\/p>\n<p>&nbsp;<\/p>\n<p><span style=\"color: #09124b;\"><!-- \/wp:paragraph --><\/span><\/p>\n","protected":false},"excerpt":{"rendered":"<p>Pol\u00edtica de Privacidad y Aviso Legal La visita a este sitio web\u00a0\u00a0\u00a0https:\/\/www.belsansl.com\/\u00a0\u00a0\u00a0no implica que el usuario est\u00e9 obligado a facilitar ninguna informaci\u00f3n.En el caso de que el usuario facilite alguna informaci\u00f3n de car\u00e1cter personal, los datos recogidos en este sitio web ser\u00e1n tratados de forma leal y l\u00edcita con sujeci\u00f3n en todo momento a los<\/p>\n<p class=\"more-link-wrapper\"><a class=\"btn btn-primary\" href=\"https:\/\/belsangrowers.com\/es\/politica-de-privacidad-y-aviso-legal\/\">Read More<\/a><\/p>\n","protected":false},"author":1,"featured_media":4393,"parent":0,"menu_order":0,"comment_status":"closed","ping_status":"closed","template":"","meta":{"inline_featured_image":false,"footnotes":""},"acf":[],"_links":{"self":[{"href":"https:\/\/belsangrowers.com\/es\/wp-json\/wp\/v2\/pages\/4456"}],"collection":[{"href":"https:\/\/belsangrowers.com\/es\/wp-json\/wp\/v2\/pages"}],"about":[{"href":"https:\/\/belsangrowers.com\/es\/wp-json\/wp\/v2\/types\/page"}],"author":[{"embeddable":true,"href":"https:\/\/belsangrowers.com\/es\/wp-json\/wp\/v2\/users\/1"}],"replies":[{"embeddable":true,"href":"https:\/\/belsangrowers.com\/es\/wp-json\/wp\/v2\/comments?post=4456"}],"version-history":[{"count":5,"href":"https:\/\/belsangrowers.com\/es\/wp-json\/wp\/v2\/pages\/4456\/revisions"}],"predecessor-version":[{"id":4463,"href":"https:\/\/belsangrowers.com\/es\/wp-json\/wp\/v2\/pages\/4456\/revisions\/4463"}],"wp:featuredmedia":[{"embeddable":true,"href":"https:\/\/belsangrowers.com\/es\/wp-json\/wp\/v2\/media\/4393"}],"wp:attachment":[{"href":"https:\/\/belsangrowers.com\/es\/wp-json\/wp\/v2\/media?parent=4456"}],"curies":[{"name":"wp","href":"https:\/\/api.w.org\/{rel}","templated":true}]}}